{"id":12795,"date":"2024-03-04T22:21:37","date_gmt":"2024-03-04T22:21:37","guid":{"rendered":"https:\/\/hdladeluxe.com\/?post_type=product&#038;p=12795"},"modified":"2025-08-25T15:57:22","modified_gmt":"2025-08-25T15:57:22","slug":"chanel-22k","status":"publish","type":"product","link":"https:\/\/hdladeluxe.com\/vi\/san-pham\/chanel-22k\/","title":{"rendered":"Chanel 22K Flap Bag with Top Handle"},"content":{"rendered":"<figure class=\"wp-block-image size-full\"><img fetchpriority=\"high\" decoding=\"async\" width=\"626\" height=\"196\" src=\"https:\/\/hdladeluxe.com\/wp-content\/uploads\/2024\/04\/Anh-man-hinh-2024-04-05-luc-11.49.48.png\" alt=\"\" class=\"wp-image-15209\" srcset=\"https:\/\/hdladeluxe.com\/wp-content\/uploads\/2024\/04\/Anh-man-hinh-2024-04-05-luc-11.49.48.png 626w, https:\/\/hdladeluxe.com\/wp-content\/uploads\/2024\/04\/Anh-man-hinh-2024-04-05-luc-11.49.48-150x47.png 150w, https:\/\/hdladeluxe.com\/wp-content\/uploads\/2024\/04\/Anh-man-hinh-2024-04-05-luc-11.49.48-300x94.png 300w, https:\/\/hdladeluxe.com\/wp-content\/uploads\/2024\/04\/Anh-man-hinh-2024-04-05-luc-11.49.48-18x6.png 18w, https:\/\/hdladeluxe.com\/wp-content\/uploads\/2024\/04\/Anh-man-hinh-2024-04-05-luc-11.49.48-441x138.png 441w\" sizes=\"(max-width: 626px) 100vw, 626px\" \/><\/figure>\n\n\n\n<ul class=\"wp-block-list\">\n<li>Crafted from quilted caviar leather, a type of full-grain leather known for its durability and luxurious feel. <\/li>\n\n\n\n<li>Rectangular shape<\/li>\n\n\n\n<li>Single chain strap<\/li>\n\n\n\n<li>Classic Chanel flap closure with the brand&#8217;s iconic double C logo<\/li>\n<\/ul>\n\n\n\n<figure class=\"wp-block-gallery has-nested-images columns-default is-cropped wp-block-gallery-1 is-layout-flex wp-block-gallery-is-layout-flex\">\n<figure class=\"wp-block-image size-large\"><img decoding=\"async\" width=\"1024\" height=\"1024\" data-id=\"12804\" src=\"https:\/\/hdladeluxe.com\/wp-content\/uploads\/2024\/03\/7-16-1024x1024.png\" alt=\"\" class=\"wp-image-12804\" srcset=\"https:\/\/hdladeluxe.com\/wp-content\/uploads\/2024\/03\/7-16-1024x1024.png 1024w, https:\/\/hdladeluxe.com\/wp-content\/uploads\/2024\/03\/7-16-300x300.png 300w, https:\/\/hdladeluxe.com\/wp-content\/uploads\/2024\/03\/7-16-150x150.png 150w, https:\/\/hdladeluxe.com\/wp-content\/uploads\/2024\/03\/7-16-800x800.png 800w, https:\/\/hdladeluxe.com\/wp-content\/uploads\/2024\/03\/7-16-768x768.png 768w, https:\/\/hdladeluxe.com\/wp-content\/uploads\/2024\/03\/7-16-12x12.png 12w, https:\/\/hdladeluxe.com\/wp-content\/uploads\/2024\/03\/7-16-990x990.png 990w, https:\/\/hdladeluxe.com\/wp-content\/uploads\/2024\/03\/7-16-441x441.png 441w, https:\/\/hdladeluxe.com\/wp-content\/uploads\/2024\/03\/7-16-100x100.png 100w, https:\/\/hdladeluxe.com\/wp-content\/uploads\/2024\/03\/7-16.png 1080w\" sizes=\"(max-width: 1024px) 100vw, 1024px\" \/><\/figure>\n\n\n\n<figure class=\"wp-block-image size-large\"><img decoding=\"async\" width=\"1024\" height=\"1024\" data-id=\"12811\" src=\"https:\/\/hdladeluxe.com\/wp-content\/uploads\/2024\/03\/9-9-1024x1024.png\" alt=\"\" class=\"wp-image-12811\" srcset=\"https:\/\/hdladeluxe.com\/wp-content\/uploads\/2024\/03\/9-9-1024x1024.png 1024w, https:\/\/hdladeluxe.com\/wp-content\/uploads\/2024\/03\/9-9-300x300.png 300w, https:\/\/hdladeluxe.com\/wp-content\/uploads\/2024\/03\/9-9-150x150.png 150w, https:\/\/hdladeluxe.com\/wp-content\/uploads\/2024\/03\/9-9-800x800.png 800w, https:\/\/hdladeluxe.com\/wp-content\/uploads\/2024\/03\/9-9-768x768.png 768w, https:\/\/hdladeluxe.com\/wp-content\/uploads\/2024\/03\/9-9-12x12.png 12w, https:\/\/hdladeluxe.com\/wp-content\/uploads\/2024\/03\/9-9-990x990.png 990w, https:\/\/hdladeluxe.com\/wp-content\/uploads\/2024\/03\/9-9-441x441.png 441w, https:\/\/hdladeluxe.com\/wp-content\/uploads\/2024\/03\/9-9-100x100.png 100w, https:\/\/hdladeluxe.com\/wp-content\/uploads\/2024\/03\/9-9.png 1080w\" sizes=\"(max-width: 1024px) 100vw, 1024px\" \/><\/figure>\n\n\n\n<figure class=\"wp-block-image size-large\"><img loading=\"lazy\" decoding=\"async\" width=\"1024\" height=\"1024\" data-id=\"12812\" src=\"https:\/\/hdladeluxe.com\/wp-content\/uploads\/2024\/03\/10-9-1024x1024.png\" alt=\"\" class=\"wp-image-12812\" srcset=\"https:\/\/hdladeluxe.com\/wp-content\/uploads\/2024\/03\/10-9-1024x1024.png 1024w, https:\/\/hdladeluxe.com\/wp-content\/uploads\/2024\/03\/10-9-300x300.png 300w, https:\/\/hdladeluxe.com\/wp-content\/uploads\/2024\/03\/10-9-150x150.png 150w, https:\/\/hdladeluxe.com\/wp-content\/uploads\/2024\/03\/10-9-800x800.png 800w, https:\/\/hdladeluxe.com\/wp-content\/uploads\/2024\/03\/10-9-768x768.png 768w, https:\/\/hdladeluxe.com\/wp-content\/uploads\/2024\/03\/10-9-12x12.png 12w, https:\/\/hdladeluxe.com\/wp-content\/uploads\/2024\/03\/10-9-990x990.png 990w, https:\/\/hdladeluxe.com\/wp-content\/uploads\/2024\/03\/10-9-441x441.png 441w, https:\/\/hdladeluxe.com\/wp-content\/uploads\/2024\/03\/10-9-100x100.png 100w, https:\/\/hdladeluxe.com\/wp-content\/uploads\/2024\/03\/10-9.png 1080w\" sizes=\"(max-width: 1024px) 100vw, 1024px\" \/><\/figure>\n\n\n\n<figure class=\"wp-block-image size-large\"><img loading=\"lazy\" decoding=\"async\" width=\"1024\" height=\"1024\" data-id=\"12813\" src=\"https:\/\/hdladeluxe.com\/wp-content\/uploads\/2024\/03\/11-6-1024x1024.png\" alt=\"\" class=\"wp-image-12813\" srcset=\"https:\/\/hdladeluxe.com\/wp-content\/uploads\/2024\/03\/11-6-1024x1024.png 1024w, https:\/\/hdladeluxe.com\/wp-content\/uploads\/2024\/03\/11-6-300x300.png 300w, https:\/\/hdladeluxe.com\/wp-content\/uploads\/2024\/03\/11-6-150x150.png 150w, https:\/\/hdladeluxe.com\/wp-content\/uploads\/2024\/03\/11-6-800x800.png 800w, https:\/\/hdladeluxe.com\/wp-content\/uploads\/2024\/03\/11-6-768x768.png 768w, https:\/\/hdladeluxe.com\/wp-content\/uploads\/2024\/03\/11-6-12x12.png 12w, https:\/\/hdladeluxe.com\/wp-content\/uploads\/2024\/03\/11-6-990x990.png 990w, https:\/\/hdladeluxe.com\/wp-content\/uploads\/2024\/03\/11-6-441x441.png 441w, https:\/\/hdladeluxe.com\/wp-content\/uploads\/2024\/03\/11-6-100x100.png 100w, https:\/\/hdladeluxe.com\/wp-content\/uploads\/2024\/03\/11-6.png 1080w\" sizes=\"(max-width: 1024px) 100vw, 1024px\" \/><\/figure>\n\n\n\n<figure class=\"wp-block-image size-large\"><img loading=\"lazy\" decoding=\"async\" width=\"1024\" height=\"1024\" data-id=\"12814\" src=\"https:\/\/hdladeluxe.com\/wp-content\/uploads\/2024\/03\/14-3-1024x1024.png\" alt=\"\" class=\"wp-image-12814\" srcset=\"https:\/\/hdladeluxe.com\/wp-content\/uploads\/2024\/03\/14-3-1024x1024.png 1024w, https:\/\/hdladeluxe.com\/wp-content\/uploads\/2024\/03\/14-3-300x300.png 300w, https:\/\/hdladeluxe.com\/wp-content\/uploads\/2024\/03\/14-3-150x150.png 150w, https:\/\/hdladeluxe.com\/wp-content\/uploads\/2024\/03\/14-3-800x800.png 800w, https:\/\/hdladeluxe.com\/wp-content\/uploads\/2024\/03\/14-3-768x768.png 768w, https:\/\/hdladeluxe.com\/wp-content\/uploads\/2024\/03\/14-3-12x12.png 12w, https:\/\/hdladeluxe.com\/wp-content\/uploads\/2024\/03\/14-3-990x990.png 990w, https:\/\/hdladeluxe.com\/wp-content\/uploads\/2024\/03\/14-3-441x441.png 441w, https:\/\/hdladeluxe.com\/wp-content\/uploads\/2024\/03\/14-3-100x100.png 100w, https:\/\/hdladeluxe.com\/wp-content\/uploads\/2024\/03\/14-3.png 1080w\" sizes=\"(max-width: 1024px) 100vw, 1024px\" \/><\/figure>\n\n\n\n<figure class=\"wp-block-image size-large\"><img loading=\"lazy\" decoding=\"async\" width=\"1024\" height=\"1024\" data-id=\"12802\" src=\"https:\/\/hdladeluxe.com\/wp-content\/uploads\/2024\/03\/15-1024x1024.png\" alt=\"\" class=\"wp-image-12802\" srcset=\"https:\/\/hdladeluxe.com\/wp-content\/uploads\/2024\/03\/15-1024x1024.png 1024w, https:\/\/hdladeluxe.com\/wp-content\/uploads\/2024\/03\/15-300x300.png 300w, https:\/\/hdladeluxe.com\/wp-content\/uploads\/2024\/03\/15-150x150.png 150w, https:\/\/hdladeluxe.com\/wp-content\/uploads\/2024\/03\/15-800x800.png 800w, https:\/\/hdladeluxe.com\/wp-content\/uploads\/2024\/03\/15-768x768.png 768w, https:\/\/hdladeluxe.com\/wp-content\/uploads\/2024\/03\/15-12x12.png 12w, https:\/\/hdladeluxe.com\/wp-content\/uploads\/2024\/03\/15-990x990.png 990w, https:\/\/hdladeluxe.com\/wp-content\/uploads\/2024\/03\/15-441x441.png 441w, https:\/\/hdladeluxe.com\/wp-content\/uploads\/2024\/03\/15-100x100.png 100w, https:\/\/hdladeluxe.com\/wp-content\/uploads\/2024\/03\/15.png 1080w\" sizes=\"(max-width: 1024px) 100vw, 1024px\" \/><\/figure>\n\n\n\n<figure class=\"wp-block-image size-large\"><img loading=\"lazy\" decoding=\"async\" width=\"1024\" height=\"1024\" data-id=\"12810\" src=\"https:\/\/hdladeluxe.com\/wp-content\/uploads\/2024\/03\/8-15-1024x1024.png\" alt=\"\" class=\"wp-image-12810\" srcset=\"https:\/\/hdladeluxe.com\/wp-content\/uploads\/2024\/03\/8-15-1024x1024.png 1024w, https:\/\/hdladeluxe.com\/wp-content\/uploads\/2024\/03\/8-15-300x300.png 300w, https:\/\/hdladeluxe.com\/wp-content\/uploads\/2024\/03\/8-15-150x150.png 150w, https:\/\/hdladeluxe.com\/wp-content\/uploads\/2024\/03\/8-15-800x800.png 800w, https:\/\/hdladeluxe.com\/wp-content\/uploads\/2024\/03\/8-15-768x768.png 768w, https:\/\/hdladeluxe.com\/wp-content\/uploads\/2024\/03\/8-15-12x12.png 12w, https:\/\/hdladeluxe.com\/wp-content\/uploads\/2024\/03\/8-15-990x990.png 990w, https:\/\/hdladeluxe.com\/wp-content\/uploads\/2024\/03\/8-15-441x441.png 441w, https:\/\/hdladeluxe.com\/wp-content\/uploads\/2024\/03\/8-15-100x100.png 100w, https:\/\/hdladeluxe.com\/wp-content\/uploads\/2024\/03\/8-15.png 1080w\" sizes=\"(max-width: 1024px) 100vw, 1024px\" \/><\/figure>\n<\/figure>\n\n\n\n<p><strong>Contact us today through the official channels of HD LADELUXE.<\/strong><\/p>\n\n\n\n<p><strong>Simply tap the \u201c+\u201d banner at the bottom right of your screen to discover exclusive offers and delightful gifts reserved for new customers.<\/strong>\u2764\ufe0f\ud83c\udf81<\/p>","protected":false},"excerpt":{"rendered":"<p>Chanel 22K Mini Rectangular Flap Bag, also known as the \u201c\u8c46\u8150\u90ae\u5dee\u5305\u201d (D\u00f2ufup\u00ed Y\u00f3uch\u0101ib\u0101o) or \u201cTofu Mailman Bag\u201d in Chinese. It was first introduced by Chanel in 2022.<\/p>","protected":false},"featured_media":12830,"comment_status":"open","ping_status":"closed","template":"","meta":{"_acf_changed":false},"product_cat":[601],"product_tag":[],"class_list":{"0":"post-12795","1":"product","2":"type-product","3":"status-publish","4":"has-post-thumbnail","6":"product_cat-22k-chanel","8":"first","9":"instock","10":"shipping-taxable","11":"purchasable","12":"product-type-variable"},"acf":[],"_links":{"self":[{"href":"https:\/\/hdladeluxe.com\/vi\/wp-json\/wp\/v2\/product\/12795","targetHints":{"allow":["GET"]}}],"collection":[{"href":"https:\/\/hdladeluxe.com\/vi\/wp-json\/wp\/v2\/product"}],"about":[{"href":"https:\/\/hdladeluxe.com\/vi\/wp-json\/wp\/v2\/types\/product"}],"replies":[{"embeddable":true,"href":"https:\/\/hdladeluxe.com\/vi\/wp-json\/wp\/v2\/comments?post=12795"}],"wp:featuredmedia":[{"embeddable":true,"href":"https:\/\/hdladeluxe.com\/vi\/wp-json\/wp\/v2\/media\/12830"}],"wp:attachment":[{"href":"https:\/\/hdladeluxe.com\/vi\/wp-json\/wp\/v2\/media?parent=12795"}],"wp:term":[{"taxonomy":"product_cat","embeddable":true,"href":"https:\/\/hdladeluxe.com\/vi\/wp-json\/wp\/v2\/product_cat?post=12795"},{"taxonomy":"product_tag","embeddable":true,"href":"https:\/\/hdladeluxe.com\/vi\/wp-json\/wp\/v2\/product_tag?post=12795"}],"curies":[{"name":"wp","href":"https:\/\/api.w.org\/{rel}","templated":true}]}}